{"id":222,"date":"2019-11-11T00:04:49","date_gmt":"2019-11-11T00:04:49","guid":{"rendered":"http:\/\/aufdergethe.de\/?page_id=222"},"modified":"2025-11-19T15:52:46","modified_gmt":"2025-11-19T15:52:46","slug":"voltis","status":"publish","type":"page","link":"https:\/\/aufdergethe.de\/?page_id=222","title":{"rendered":"Voltis"},"content":{"rendered":"<div class=\"wp-block-image\">\n<figure class=\"alignleft size-large is-resized\"><img loading=\"lazy\" decoding=\"async\" width=\"638\" height=\"1024\" src=\"https:\/\/aufdergethe.de\/wp-content\/uploads\/2019\/11\/Volti-638x1024.jpg\" alt=\"\" class=\"wp-image-283\" style=\"width:282px;height:453px\" srcset=\"https:\/\/aufdergethe.de\/wp-content\/uploads\/2019\/11\/Volti-638x1024.jpg 638w, https:\/\/aufdergethe.de\/wp-content\/uploads\/2019\/11\/Volti-187x300.jpg 187w, https:\/\/aufdergethe.de\/wp-content\/uploads\/2019\/11\/Volti.jpg 673w\" sizes=\"auto, (max-width: 638px) 100vw, 638px\" \/><\/figure><\/div>\n\n\n<p>Willkommen bei der Voltigierabteilung.<\/p>\n\n\n\n<p>Voltigieren ist eine faszinierende Sportart, die Elemente des Turnens und der Akrobatik mit der Arbeit am und auf dem Pferd verbindet. Der Einstieg in den Voltigiersport erfolgt in Gruppen, was nicht nur den Teamgeist f\u00f6rdert, sondern auch den Umgang mit dem Pferd und die Koordination schult. Neben der k\u00f6rperlichen Fitness werden auch Vertrauen, Rhythmusgef\u00fchl und Konzentration gef\u00f6rdert. Unsere erfahrene Trainer achten sowohl auf das Wohl des Pferdes als auch auf die korrekte Ausf\u00fchrung der \u00dcbungen.<\/p>\n\n\n\n<p>Die \u00dcbungen beim Voltigieren reichen von einfachen Balance\u00fcbungen bis hin zu anspruchsvollen akrobatischen Figuren, die allein, zu zweit oder sogar zu dritt auf dem Pferd ausgef\u00fchrt werden k\u00f6nnen.<\/p>\n\n\n\n<p>Ein weiterer wichtiger Aspekt des Voltigierens im Verein ist die F\u00f6rderung des Verantwortungsbewusstseins gegen\u00fcber dem Pferd. Die Pflege und Versorgung des Pferdes sind integraler Bestandteil des Trainings, sodass die Sportler fr\u00fch lernen, wie wichtig ein respektvoller und achtsamer Umgang mit dem Tier ist.<\/p>\n\n\n\n<p>Zusammenfassend ist Voltigieren im Verein eine ideale M\u00f6glichkeit, sportliche F\u00e4higkeiten, Teamarbeit und den verantwortungsvollen Umgang mit Pferden zu vereinen. Es bietet Kindern und Jugendlichen die Chance, spielerisch Kraft, Beweglichkeit und Disziplin zu entwickeln, w\u00e4hrend sie in einer Gemeinschaft Gleichgesinnter Sport treiben.<\/p>\n\n\n\n<p><\/p>\n\n\n\n<p>Bei Fragen meldet euch gerne unter info@gethe.de<\/p>\n\n\n\n<div class=\"wp-block-file\"><a id=\"wp-block-file--media-68575c51-0970-4c7f-b29b-2c0abcbe7d8d\" href=\"https:\/\/aufdergethe.de\/wp-content\/uploads\/2025\/11\/Aufnahmeantrag-Volti_Stand-10.25.pdf\">Aufnahmeantrag Volti_Stand 10.25<\/a><a href=\"https:\/\/aufdergethe.de\/wp-content\/uploads\/2025\/11\/Aufnahmeantrag-Volti_Stand-10.25.pdf\" class=\"wp-block-file__button wp-element-button\" download aria-describedby=\"wp-block-file--media-68575c51-0970-4c7f-b29b-2c0abcbe7d8d\">Herunterladen<\/a><\/div>\n\n\n\n<div style=\"height:100px\" aria-hidden=\"true\" class=\"wp-block-spacer\"><\/div>\n\n\n\n<p><\/p>\n","protected":false},"excerpt":{"rendered":"<p>Willkommen bei der Voltigierabteilung. Voltigieren ist eine faszinierende Sportart, die Elemente des Turnens und der Akrobatik mit der Arbeit am und auf dem Pferd verbindet. Der Einstieg in den Voltigiersport erfolgt in Gruppen, was nicht nur den Teamgeist f\u00f6rdert, sondern auch den Umgang mit dem Pferd und die Koordination schult. Neben der k\u00f6rperlichen Fitness werden &hellip; <\/p>\n<p class=\"link-more\"><a href=\"https:\/\/aufdergethe.de\/?page_id=222\" class=\"more-link\"><span class=\"screen-reader-text\">\u201eVoltis\u201c<\/span> weiterlesen<\/a><\/p>\n","protected":false},"author":1,"featured_media":0,"parent":0,"menu_order":0,"comment_status":"closed","ping_status":"closed","template":"","meta":{"footnotes":""},"class_list":["post-222","page","type-page","status-publish","hentry"],"_links":{"self":[{"href":"https:\/\/aufdergethe.de\/index.php?rest_route=\/wp\/v2\/pages\/222","targetHints":{"allow":["GET"]}}],"collection":[{"href":"https:\/\/aufdergethe.de\/index.php?rest_route=\/wp\/v2\/pages"}],"about":[{"href":"https:\/\/aufdergethe.de\/index.php?rest_route=\/wp\/v2\/types\/page"}],"author":[{"embeddable":true,"href":"https:\/\/aufdergethe.de\/index.php?rest_route=\/wp\/v2\/users\/1"}],"replies":[{"embeddable":true,"href":"https:\/\/aufdergethe.de\/index.php?rest_route=%2Fwp%2Fv2%2Fcomments&post=222"}],"version-history":[{"count":14,"href":"https:\/\/aufdergethe.de\/index.php?rest_route=\/wp\/v2\/pages\/222\/revisions"}],"predecessor-version":[{"id":936,"href":"https:\/\/aufdergethe.de\/index.php?rest_route=\/wp\/v2\/pages\/222\/revisions\/936"}],"wp:attachment":[{"href":"https:\/\/aufdergethe.de\/index.php?rest_route=%2Fwp%2Fv2%2Fmedia&parent=222"}],"curies":[{"name":"wp","href":"https:\/\/api.w.org\/{rel}","templated":true}]}}