{"id":243,"date":"2019-11-16T13:38:39","date_gmt":"2019-11-16T13:38:39","guid":{"rendered":"http:\/\/aufdergethe.de\/?page_id=243"},"modified":"2025-05-27T09:39:35","modified_gmt":"2025-05-27T09:39:35","slug":"turniere-2","status":"publish","type":"page","link":"https:\/\/aufdergethe.de\/?page_id=243","title":{"rendered":"Turniere"},"content":{"rendered":"\n<h4 class=\"wp-block-heading\">Turniere 2024<\/h4>\n\n\n\n<figure class=\"wp-block-table is-style-stripes\"><table><tbody><tr><td>21. &#8211; 22. Juni (Fronleichnam)<\/td><td>gro\u00dfes Sommerturnier<\/td><\/tr><tr><td>21. &#8211; 22. September<\/td><td>Koop Turnier (RV Witten)<\/td><\/tr><\/tbody><\/table><\/figure>\n\n\n\n<div class=\"wp-block-columns is-layout-flex wp-container-core-columns-is-layout-9d6595d7 wp-block-columns-is-layout-flex\">\n<div class=\"wp-block-column is-layout-flow wp-block-column-is-layout-flow\">\n<div data-wp-interactive=\"core\/file\" class=\"wp-block-file\"><object data-wp-bind--hidden=\"!state.hasPdfPreview\" hidden class=\"wp-block-file__embed\" data=\"https:\/\/aufdergethe.de\/wp-content\/uploads\/2024\/04\/PVW-Turnierausschreibung_1359692482.pdf\" type=\"application\/pdf\" style=\"width:100%;height:600px\" aria-label=\"Einbettung von Ausschreibung Sommerturnier 2024.\"><\/object><a id=\"wp-block-file--media-d0984a29-168d-4f2f-b6b0-9ba2c23d7472\" href=\"https:\/\/aufdergethe.de\/wp-content\/uploads\/2024\/04\/PVW-Turnierausschreibung_1359692482.pdf\">Ausschreibung Sommerturnier 2024<\/a><a href=\"https:\/\/aufdergethe.de\/wp-content\/uploads\/2024\/04\/PVW-Turnierausschreibung_1359692482.pdf\" class=\"wp-block-file__button wp-element-button\" download aria-describedby=\"wp-block-file--media-d0984a29-168d-4f2f-b6b0-9ba2c23d7472\">Herunterladen<\/a><\/div>\n<\/div>\n\n\n\n<div class=\"wp-block-column is-layout-flow wp-block-column-is-layout-flow\"><\/div>\n<\/div>\n\n\n\n<hr class=\"wp-block-separator aligncenter has-alpha-channel-opacity\"\/>\n\n\n\n<h4 class=\"wp-block-heading\">Turniere 2023<\/h4>\n\n\n\n<figure class=\"wp-block-table is-style-stripes\"><table><tbody><tr><td>12. M\u00e4rz<\/td><td>WBO Turnier (abgesagt)<\/td><\/tr><tr><td>10. &#8211; 11. Juni (Fronleichnam)<\/td><td>gro\u00dfes Sommerturnier<\/td><\/tr><tr><td>15. &#8211; 17. September<\/td><td>Koop Turnier (RV Witten)<\/td><\/tr><\/tbody><\/table><\/figure>\n\n\n\n<div class=\"wp-block-columns is-layout-flex wp-container-core-columns-is-layout-9d6595d7 wp-block-columns-is-layout-flex\">\n<div class=\"wp-block-column is-layout-flow wp-block-column-is-layout-flow\">\n<div class=\"wp-block-file\"><a id=\"wp-block-file--media-ca063de5-21ba-4bae-8b04-ebb548fa1482\" href=\"https:\/\/aufdergethe.de\/wp-content\/uploads\/2023\/05\/ausschreibung-sprockhoevel-auf-der-gethe-2023.pdf\">Ausschreibung Sommerturnier 2023<\/a><a href=\"https:\/\/aufdergethe.de\/wp-content\/uploads\/2023\/05\/ausschreibung-sprockhoevel-auf-der-gethe-2023.pdf\" class=\"wp-block-file__button wp-element-button\" download aria-describedby=\"wp-block-file--media-ca063de5-21ba-4bae-8b04-ebb548fa1482\">Herunterladen<\/a><\/div>\n<\/div>\n\n\n\n<div class=\"wp-block-column is-layout-flow wp-block-column-is-layout-flow\">\n<div class=\"wp-block-file\"><a id=\"wp-block-file--media-6183d8e5-668e-4a1e-8055-9bafafeb5bb3\" href=\"https:\/\/aufdergethe.de\/wp-content\/uploads\/2023\/06\/zeiteinteilung-2023-06-06-qr.pdf\">Zeiteinteilung Sommerturnier 2023<\/a><a href=\"https:\/\/aufdergethe.de\/wp-content\/uploads\/2023\/06\/zeiteinteilung-2023-06-06-qr.pdf\" class=\"wp-block-file__button wp-element-button\" download aria-describedby=\"wp-block-file--media-6183d8e5-668e-4a1e-8055-9bafafeb5bb3\">Herunterladen<\/a><\/div>\n<\/div>\n<\/div>\n\n\n\n<div class=\"wp-block-columns is-layout-flex wp-container-core-columns-is-layout-9d6595d7 wp-block-columns-is-layout-flex\">\n<div class=\"wp-block-column is-layout-flow wp-block-column-is-layout-flow\">\n<div class=\"wp-block-file\"><a id=\"wp-block-file--media-cf182e0b-7f42-4181-a233-e27654e48f91\" href=\"https:\/\/aufdergethe.de\/wp-content\/uploads\/2023\/08\/witten-sprockhoevel.pdf\">Ausschreibung Koop-Turnier 2023<\/a><a href=\"https:\/\/aufdergethe.de\/wp-content\/uploads\/2023\/08\/witten-sprockhoevel.pdf\" class=\"wp-block-file__button wp-element-button\" download aria-describedby=\"wp-block-file--media-cf182e0b-7f42-4181-a233-e27654e48f91\">Herunterladen<\/a><\/div>\n<\/div>\n\n\n\n<div class=\"wp-block-column is-layout-flow wp-block-column-is-layout-flow\">\n<div class=\"wp-block-file\"><a id=\"wp-block-file--media-2300c7b1-fa91-4627-827a-83328e0ac339\" href=\"https:\/\/aufdergethe.de\/wp-content\/uploads\/2023\/09\/Zeiteinteilung-mit-Sponsoren-1.pdf\">Zeiteinteilung Koop-Turnier 2023<\/a><a href=\"https:\/\/aufdergethe.de\/wp-content\/uploads\/2023\/09\/Zeiteinteilung-mit-Sponsoren-1.pdf\" class=\"wp-block-file__button wp-element-button\" download aria-describedby=\"wp-block-file--media-2300c7b1-fa91-4627-827a-83328e0ac339\">Herunterladen<\/a><\/div>\n<\/div>\n<\/div>\n\n\n\n<hr class=\"wp-block-separator aligncenter has-alpha-channel-opacity\"\/>\n\n\n\n<h4 class=\"wp-block-heading\">Turniere 2022<\/h4>\n\n\n\n<figure class=\"wp-block-table is-style-stripes\"><table><tbody><tr><td>26. &#8211; 27. M\u00e4rz<\/td><td>WBO Turnier<\/td><\/tr><tr><td>16. &#8211; 19. Juni (Fronleichnam)<\/td><td>gro\u00dfes Sommerturnier<\/td><\/tr><tr><td>16. &#8211; 18. September<\/td><td>Koop Turnier (RV Witten)<\/td><\/tr><\/tbody><\/table><\/figure>\n\n\n\n<div class=\"wp-block-columns is-layout-flex wp-container-core-columns-is-layout-9d6595d7 wp-block-columns-is-layout-flex\">\n<div class=\"wp-block-column is-layout-flow wp-block-column-is-layout-flow\">\n<div class=\"wp-block-file\"><a id=\"wp-block-file--media-025d08e5-0e86-418b-934c-08367b283e3b\" href=\"https:\/\/aufdergethe.de\/wp-content\/uploads\/2023\/06\/Ausschreibung-Reitertag.pdf\">Ausschreibung Reitertag 2022<br><\/a><a href=\"https:\/\/aufdergethe.de\/wp-content\/uploads\/2023\/06\/Ausschreibung-Reitertag.pdf\" class=\"wp-block-file__button wp-element-button\" download aria-describedby=\"wp-block-file--media-025d08e5-0e86-418b-934c-08367b283e3b\">Herunterladen<\/a><\/div>\n<\/div>\n\n\n\n<div class=\"wp-block-column is-layout-flow wp-block-column-is-layout-flow\">\n<div class=\"wp-block-file\"><a id=\"wp-block-file--media-2a82091a-8bdc-4336-a1ee-61d1d5aa52e1\" href=\"https:\/\/aufdergethe.de\/wp-content\/uploads\/2023\/05\/zeiteinteilung-rt-2022-3.pdf\">Zeiteinteilung Reitertag 2022<br><\/a><a href=\"https:\/\/aufdergethe.de\/wp-content\/uploads\/2023\/05\/zeiteinteilung-rt-2022-3.pdf\" class=\"wp-block-file__button wp-element-button\" download aria-describedby=\"wp-block-file--media-2a82091a-8bdc-4336-a1ee-61d1d5aa52e1\">Herunterladen<\/a><\/div>\n<\/div>\n<\/div>\n\n\n\n<div class=\"wp-block-columns is-layout-flex wp-container-core-columns-is-layout-9d6595d7 wp-block-columns-is-layout-flex\">\n<div class=\"wp-block-column is-layout-flow wp-block-column-is-layout-flow\">\n<div class=\"wp-block-file\"><a id=\"wp-block-file--media-fe1b3e83-97ce-4e21-8945-906f5825853b\" href=\"https:\/\/aufdergethe.de\/wp-content\/uploads\/2023\/06\/genehmigte-Ausschreibung.pdf\">Ausschreibung Sommerturnier 2022<\/a><a href=\"https:\/\/aufdergethe.de\/wp-content\/uploads\/2023\/06\/genehmigte-Ausschreibung.pdf\" class=\"wp-block-file__button wp-element-button\" download aria-describedby=\"wp-block-file--media-fe1b3e83-97ce-4e21-8945-906f5825853b\">Herunterladen<\/a><\/div>\n<\/div>\n\n\n\n<div class=\"wp-block-column is-layout-flow wp-block-column-is-layout-flow\">\n<div class=\"wp-block-file\"><a id=\"wp-block-file--media-da863636-383c-4d3d-96bc-76d7737bf98c\" href=\"https:\/\/aufdergethe.de\/wp-content\/uploads\/2023\/05\/zeiteinteilung-sommer-2022-1.pdf\">Zeiteinteilung Sommerturnier 2022<br><\/a><a href=\"https:\/\/aufdergethe.de\/wp-content\/uploads\/2023\/05\/zeiteinteilung-sommer-2022-1.pdf\" class=\"wp-block-file__button wp-element-button\" download aria-describedby=\"wp-block-file--media-da863636-383c-4d3d-96bc-76d7737bf98c\">Herunterladen<\/a><\/div>\n<\/div>\n<\/div>\n\n\n\n<div class=\"wp-block-columns is-layout-flex wp-container-core-columns-is-layout-9d6595d7 wp-block-columns-is-layout-flex\">\n<div class=\"wp-block-column is-layout-flow wp-block-column-is-layout-flow\">\n<div class=\"wp-block-file\"><a id=\"wp-block-file--media-5bb1c3e0-61db-4617-aca9-c59456c34256\" href=\"https:\/\/aufdergethe.de\/wp-content\/uploads\/2022\/08\/Witten_Sprockhoevel.pdf\">Ausschreibung Koop-Turnier 2022<\/a><a href=\"https:\/\/aufdergethe.de\/wp-content\/uploads\/2022\/08\/Witten_Sprockhoevel.pdf\" class=\"wp-block-file__button wp-element-button\" download aria-describedby=\"wp-block-file--media-5bb1c3e0-61db-4617-aca9-c59456c34256\">Herunterladen<\/a><\/div>\n<\/div>\n\n\n\n<div class=\"wp-block-column is-layout-flow wp-block-column-is-layout-flow\">\n<div class=\"wp-block-file\"><a id=\"wp-block-file--media-4365a316-fdc2-4db5-91bc-03094a232042\" href=\"https:\/\/aufdergethe.de\/wp-content\/uploads\/2022\/09\/zeiteinteilung-koop-2022.pdf\">Zeiteinteilung Koop-Turnier 2022<br><\/a><a href=\"https:\/\/aufdergethe.de\/wp-content\/uploads\/2022\/09\/zeiteinteilung-koop-2022.pdf\" class=\"wp-block-file__button wp-element-button\" download aria-describedby=\"wp-block-file--media-4365a316-fdc2-4db5-91bc-03094a232042\">Herunterladen<\/a><\/div>\n<\/div>\n<\/div>\n\n\n\n<hr class=\"wp-block-separator has-alpha-channel-opacity\"\/>\n\n\n\n<h4 class=\"wp-block-heading\">Turniere 2021<\/h4>\n\n\n\n<div class=\"wp-block-columns is-layout-flex wp-container-core-columns-is-layout-9d6595d7 wp-block-columns-is-layout-flex\">\n<div class=\"wp-block-column is-layout-flow wp-block-column-is-layout-flow\">\n<div class=\"wp-block-file\"><a id=\"wp-block-file--media-2ae28e0a-5762-4181-b0f7-de0d0ad5b83b\" href=\"https:\/\/aufdergethe.de\/wp-content\/uploads\/2023\/05\/sprockhoevel.pdf\">Ausschreibung Koop-Turnier 2021<\/a><a href=\"https:\/\/aufdergethe.de\/wp-content\/uploads\/2023\/05\/sprockhoevel.pdf\" class=\"wp-block-file__button wp-element-button\" download aria-describedby=\"wp-block-file--media-2ae28e0a-5762-4181-b0f7-de0d0ad5b83b\">Herunterladen<\/a><\/div>\n<\/div>\n\n\n\n<div class=\"wp-block-column is-layout-flow wp-block-column-is-layout-flow\">\n<div class=\"wp-block-file\"><a id=\"wp-block-file--media-d0228cb0-a63a-44cc-b975-976dbfd335e4\" href=\"https:\/\/aufdergethe.de\/wp-content\/uploads\/2023\/05\/zeiteinteilung_-_mit_hinweis.pdf\">Zeiteinteilung Koop 2021-Turnier<br><\/a><a href=\"https:\/\/aufdergethe.de\/wp-content\/uploads\/2023\/05\/zeiteinteilung_-_mit_hinweis.pdf\" class=\"wp-block-file__button wp-element-button\" download aria-describedby=\"wp-block-file--media-d0228cb0-a63a-44cc-b975-976dbfd335e4\">Herunterladen<\/a><\/div>\n<\/div>\n<\/div>\n\n\n\n<hr class=\"wp-block-separator aligncenter has-alpha-channel-opacity\"\/>\n\n\n\n<h4 class=\"wp-block-heading\">Turniere 2020<\/h4>\n\n\n\n<div class=\"wp-block-columns is-layout-flex wp-container-core-columns-is-layout-9d6595d7 wp-block-columns-is-layout-flex\">\n<div class=\"wp-block-column is-layout-flow wp-block-column-is-layout-flow\">\n<div class=\"wp-block-file\"><a id=\"wp-block-file--media-0b74f742-63eb-4579-aa18-424e3e104b12\" href=\"https:\/\/aufdergethe.de\/wp-content\/uploads\/2023\/05\/genehmigte-ausschreibung-_-witten_sprockhoevel.pdf\">Ausschreibung Koop 2020<br><\/a><a href=\"https:\/\/aufdergethe.de\/wp-content\/uploads\/2023\/05\/genehmigte-ausschreibung-_-witten_sprockhoevel.pdf\" class=\"wp-block-file__button wp-element-button\" download aria-describedby=\"wp-block-file--media-0b74f742-63eb-4579-aa18-424e3e104b12\">Herunterladen<\/a><\/div>\n<\/div>\n\n\n\n<div class=\"wp-block-column is-layout-flow wp-block-column-is-layout-flow\">\n<div class=\"wp-block-file\"><a id=\"wp-block-file--media-cb896f15-6f0d-4d4d-af06-d8cb57e66469\" href=\"https:\/\/aufdergethe.de\/wp-content\/uploads\/2020\/09\/Zeiteinteilung.pdf\">Zeiteinteilung Koop-Turnier 2020<br><\/a><a href=\"https:\/\/aufdergethe.de\/wp-content\/uploads\/2020\/09\/Zeiteinteilung.pdf\" class=\"wp-block-file__button wp-element-button\" download aria-describedby=\"wp-block-file--media-cb896f15-6f0d-4d4d-af06-d8cb57e66469\">Herunterladen<\/a><\/div>\n<\/div>\n<\/div>\n\n\n\n<hr class=\"wp-block-separator aligncenter has-alpha-channel-opacity\"\/>\n","protected":false},"excerpt":{"rendered":"<p>Turniere 2024 21. &#8211; 22. Juni (Fronleichnam) gro\u00dfes Sommerturnier 21. &#8211; 22. September Koop Turnier (RV Witten) Turniere 2023 12. M\u00e4rz WBO Turnier (abgesagt) 10. &#8211; 11. Juni (Fronleichnam) gro\u00dfes Sommerturnier 15. &#8211; 17. September Koop Turnier (RV Witten) Turniere 2022 26. &#8211; 27. M\u00e4rz WBO Turnier 16. &#8211; 19. Juni (Fronleichnam) gro\u00dfes Sommerturnier 16. &hellip; <\/p>\n<p class=\"link-more\"><a href=\"https:\/\/aufdergethe.de\/?page_id=243\" class=\"more-link\"><span class=\"screen-reader-text\">\u201eTurniere\u201c<\/span> weiterlesen<\/a><\/p>\n","protected":false},"author":1,"featured_media":0,"parent":0,"menu_order":0,"comment_status":"closed","ping_status":"closed","template":"","meta":{"footnotes":""},"class_list":["post-243","page","type-page","status-publish","hentry"],"_links":{"self":[{"href":"https:\/\/aufdergethe.de\/index.php?rest_route=\/wp\/v2\/pages\/243","targetHints":{"allow":["GET"]}}],"collection":[{"href":"https:\/\/aufdergethe.de\/index.php?rest_route=\/wp\/v2\/pages"}],"about":[{"href":"https:\/\/aufdergethe.de\/index.php?rest_route=\/wp\/v2\/types\/page"}],"author":[{"embeddable":true,"href":"https:\/\/aufdergethe.de\/index.php?rest_route=\/wp\/v2\/users\/1"}],"replies":[{"embeddable":true,"href":"https:\/\/aufdergethe.de\/index.php?rest_route=%2Fwp%2Fv2%2Fcomments&post=243"}],"version-history":[{"count":27,"href":"https:\/\/aufdergethe.de\/index.php?rest_route=\/wp\/v2\/pages\/243\/revisions"}],"predecessor-version":[{"id":905,"href":"https:\/\/aufdergethe.de\/index.php?rest_route=\/wp\/v2\/pages\/243\/revisions\/905"}],"wp:attachment":[{"href":"https:\/\/aufdergethe.de\/index.php?rest_route=%2Fwp%2Fv2%2Fmedia&parent=243"}],"curies":[{"name":"wp","href":"https:\/\/api.w.org\/{rel}","templated":true}]}}