{"id":34,"date":"2019-11-10T22:50:03","date_gmt":"2019-11-10T22:50:03","guid":{"rendered":"http:\/\/aufdergethe.de\/?page_id=34"},"modified":"2019-11-16T13:20:58","modified_gmt":"2019-11-16T13:20:58","slug":"verein","status":"publish","type":"page","link":"https:\/\/aufdergethe.de\/?page_id=34","title":{"rendered":"Verein"},"content":{"rendered":"\n<h3 class=\"wp-block-heading\">Gr\u00fcndung &amp; Geschichte<\/h3>\n\n\n\n<h4 class=\"wp-block-heading\">Gr\u00fcndung<\/h4>\n\n\n\n<p>Unser Verein wurde im Januar 1981 gegr\u00fcndet und hat sich dem Pferdesport hinsichtlich Reiten (Dressur, Springen), Voltigieren und dem Fahrsport verschrieben, wobei ein besonderer Schwerpunkt in der Jugendarbeit liegt.<\/p>\n\n\n\n<h4 class=\"wp-block-heading\">Geschichte<\/h4>\n\n\n\n<p>Als der Zucht-, Reit- und Fahrverein \u201eAuf der Gethe\u201c e.V. Sprockh\u00f6vel 1981 gegr\u00fcndet wurde, standen in der Urkunde die Mitglieder: Frau Severin, Frau Hegemann, Herr Blancke, Herr Howahr, Herr Hennenberg sowie Katharina und Erhard D\u00f6lger.<\/p>\n\n\n\n<p>Nicht nur der Name des Vereins, sondern auch die Vereinsgeschichte ist untrennbar mit der Anlage der Familie D\u00f6lger auf der Gethe verbunden. Als diese 1973 den Hof erwarben und 1976 dort einzogen, war noch viel zu tun, bevor dort Pferdesport betrieben werden konnte.<\/p>\n\n\n\n<p>Umfangreiche Renovierungsarbeiten und Bauma\u00dfnahmen waren in vielen Jahren erforderlich, um aus dem idyllischen Kotten eine Reitsportanlage zu machen. Heute haben dort gut 70 Pferde in modernen Stallanlagen Platz. Zwei Reithallen, mehrere Au\u00dfenpl\u00e4tze, ein Springplatz sowie umliegendes Ausreitgel\u00e4nde durch Wald und Wiesen bieten Pferd und Reitern alles, was das jeweilige Herz begehrt.<\/p>\n\n\n\n<p>In den vergangenen 25 Jahren hat sich der Verein trotz der inzwischen stark gestiegenen Mitgliederzahlen die famili\u00e4re Atmosph\u00e4re bewahrt. Noch immer ist er in der Lage, Veranstaltungen, Turniere und Vereinsaktivit\u00e4ten aus eigener Kraft \u2013 also unter Mithilfe der eigenen Mitglieder \u2013 zu gestalten. Darauf kann man sicher stolz sein. So manche Generation ist hier aufgewachsen, hat das Pferd und den Reitsport kennen und sch\u00e4tzen gelernt sowie das Vereinleben mitgestaltet. Heute z\u00e4hlt der Verein 176 Kinder und Jugendliche von 450 Mitgliedern gesamt. Nicht zuletzt damit wird deutlich, wo der Schwerpunkt des Vereins liegt: in der Jugendarbeit!<\/p>\n\n\n\n<p>\u201eIn der Jugendarbeit liegt die Zukunft \u2013 das gilt auch f\u00fcr uns!\u201c meint Erhard D\u00f6lger, der auch die Zukunft der Anlage nun in die H\u00e4nde der n\u00e4chsten Generation gelegt hat: sein Sohn Georg hat im Jahr 2006 den Reitbetrieb \u201eAuf der Gethe\u201c \u00fcbernommen.<\/p>\n","protected":false},"excerpt":{"rendered":"<p>Gr\u00fcndung &amp; Geschichte Gr\u00fcndung Unser Verein wurde im Januar 1981 gegr\u00fcndet und hat sich dem Pferdesport hinsichtlich Reiten (Dressur, Springen), Voltigieren und dem Fahrsport verschrieben, wobei ein besonderer Schwerpunkt in der Jugendarbeit liegt. Geschichte Als der Zucht-, Reit- und Fahrverein \u201eAuf der Gethe\u201c e.V. Sprockh\u00f6vel 1981 gegr\u00fcndet wurde, standen in der Urkunde die Mitglieder: Frau &hellip; <\/p>\n<p class=\"link-more\"><a href=\"https:\/\/aufdergethe.de\/?page_id=34\" class=\"more-link\"><span class=\"screen-reader-text\">\u201eVerein\u201c<\/span> weiterlesen<\/a><\/p>\n","protected":false},"author":1,"featured_media":0,"parent":0,"menu_order":0,"comment_status":"closed","ping_status":"closed","template":"","meta":{"footnotes":""},"class_list":["post-34","page","type-page","status-publish","hentry"],"_links":{"self":[{"href":"https:\/\/aufdergethe.de\/index.php?rest_route=\/wp\/v2\/pages\/34","targetHints":{"allow":["GET"]}}],"collection":[{"href":"https:\/\/aufdergethe.de\/index.php?rest_route=\/wp\/v2\/pages"}],"about":[{"href":"https:\/\/aufdergethe.de\/index.php?rest_route=\/wp\/v2\/types\/page"}],"author":[{"embeddable":true,"href":"https:\/\/aufdergethe.de\/index.php?rest_route=\/wp\/v2\/users\/1"}],"replies":[{"embeddable":true,"href":"https:\/\/aufdergethe.de\/index.php?rest_route=%2Fwp%2Fv2%2Fcomments&post=34"}],"version-history":[{"count":3,"href":"https:\/\/aufdergethe.de\/index.php?rest_route=\/wp\/v2\/pages\/34\/revisions"}],"predecessor-version":[{"id":237,"href":"https:\/\/aufdergethe.de\/index.php?rest_route=\/wp\/v2\/pages\/34\/revisions\/237"}],"wp:attachment":[{"href":"https:\/\/aufdergethe.de\/index.php?rest_route=%2Fwp%2Fv2%2Fmedia&parent=34"}],"curies":[{"name":"wp","href":"https:\/\/api.w.org\/{rel}","templated":true}]}}