{"id":74,"date":"2019-11-10T22:50:03","date_gmt":"2019-11-10T22:50:03","guid":{"rendered":"http:\/\/aufdergethe.de\/?page_id=74"},"modified":"2019-11-16T20:48:07","modified_gmt":"2019-11-16T20:48:07","slug":"lehrgaenge","status":"publish","type":"page","link":"https:\/\/aufdergethe.de\/?page_id=74","title":{"rendered":"Lehrg\u00e4nge"},"content":{"rendered":"\n<h4 class=\"wp-block-heading\">Hier werdet Ihr demn\u00e4chst eine \u00dcbersicht der Lehrg\u00e4nge finden!<\/h4>\n","protected":false},"excerpt":{"rendered":"<p>Hier werdet Ihr demn\u00e4chst eine \u00dcbersicht der Lehrg\u00e4nge finden!<\/p>\n","protected":false},"author":1,"featured_media":0,"parent":0,"menu_order":0,"comment_status":"closed","ping_status":"closed","template":"","meta":{"footnotes":""},"class_list":["post-74","page","type-page","status-publish","hentry"],"_links":{"self":[{"href":"https:\/\/aufdergethe.de\/index.php?rest_route=\/wp\/v2\/pages\/74","targetHints":{"allow":["GET"]}}],"collection":[{"href":"https:\/\/aufdergethe.de\/index.php?rest_route=\/wp\/v2\/pages"}],"about":[{"href":"https:\/\/aufdergethe.de\/index.php?rest_route=\/wp\/v2\/types\/page"}],"author":[{"embeddable":true,"href":"https:\/\/aufdergethe.de\/index.php?rest_route=\/wp\/v2\/users\/1"}],"replies":[{"embeddable":true,"href":"https:\/\/aufdergethe.de\/index.php?rest_route=%2Fwp%2Fv2%2Fcomments&post=74"}],"version-history":[{"count":2,"href":"https:\/\/aufdergethe.de\/index.php?rest_route=\/wp\/v2\/pages\/74\/revisions"}],"predecessor-version":[{"id":317,"href":"https:\/\/aufdergethe.de\/index.php?rest_route=\/wp\/v2\/pages\/74\/revisions\/317"}],"wp:attachment":[{"href":"https:\/\/aufdergethe.de\/index.php?rest_route=%2Fwp%2Fv2%2Fmedia&parent=74"}],"curies":[{"name":"wp","href":"https:\/\/api.w.org\/{rel}","templated":true}]}}